{"id":2446,"date":"2025-06-17T04:10:01","date_gmt":"2025-06-17T04:10:01","guid":{"rendered":"https:\/\/www.domalpharma.com.co\/?page_id=2446"},"modified":"2025-07-21T16:52:52","modified_gmt":"2025-07-21T16:52:52","slug":"troqueles-de-corte-y-precorte","status":"publish","type":"page","link":"https:\/\/www.domalpharma.com.co\/en\/troqueles-de-corte-y-precorte\/","title":{"rendered":"Cutting and Pre-Cutting Dies"},"content":{"rendered":"<div data-elementor-type=\"wp-page\" data-elementor-id=\"2446\" class=\"elementor elementor-2446\">\n\t\t\t\t<div class=\"elementor-element elementor-element-057959f e-flex e-con-boxed e-con e-parent\" data-id=\"057959f\" data-element_type=\"container\" data-e-type=\"container\" data-settings=\"{&quot;background_background&quot;:&quot;classic&quot;}\">\n\t\t\t\t\t<div class=\"e-con-inner\">\n\t\t\t\t<div class=\"elementor-element elementor-element-f37b63e elementor-widget__width-auto elementor-widget elementor-widget-heading\" data-id=\"f37b63e\" data-element_type=\"widget\" data-e-type=\"widget\" data-widget_type=\"heading.default\">\n\t\t\t\t<div class=\"elementor-widget-container\">\n\t\t\t\t\t<h2 class=\"elementor-heading-title elementor-size-default\">CUTTING AND PRE CUTTING DIES<\/h2>\t\t\t\t<\/div>\n\t\t\t\t<\/div>\n\t\t\t\t\t<\/div>\n\t\t\t\t<\/div>\n\t\t<div class=\"elementor-element elementor-element-903a2d8 e-flex e-con-boxed e-con e-parent\" data-id=\"903a2d8\" data-element_type=\"container\" data-e-type=\"container\">\n\t\t\t\t\t<div class=\"e-con-inner\">\n\t\t\t\t<div class=\"elementor-element elementor-element-b3f77f0 elementor-widget elementor-widget-spacer\" data-id=\"b3f77f0\" data-element_type=\"widget\" data-e-type=\"widget\" data-widget_type=\"spacer.default\">\n\t\t\t\t<div class=\"elementor-widget-container\">\n\t\t\t\t\t\t\t<div class=\"elementor-spacer\">\n\t\t\t<div class=\"elementor-spacer-inner\"><\/div>\n\t\t<\/div>\n\t\t\t\t\t\t<\/div>\n\t\t\t\t<\/div>\n\t\t\t\t<div class=\"elementor-element elementor-element-cb4b9b6 elementor-widget elementor-widget-text-editor\" data-id=\"cb4b9b6\" data-element_type=\"widget\" data-e-type=\"widget\" data-widget_type=\"text-editor.default\">\n\t\t\t\t<div class=\"elementor-widget-container\">\n\t\t\t\t\t\t\t\t\t<p><span style=\"color: #000000;\">With years of experience and continuous improvement in developing die cutting solutions for various types of blister machines, we have refined our design and manufacturing processes, allowing us to offer our clients cutting and pre cutting dies that meet the highest standards of quality, precision, and durability.\u00a0<\/span><\/p><p><span style=\"color: #000000;\" data-ccp-props=\"{&quot;134233117&quot;:false,&quot;134233118&quot;:false,&quot;201341983&quot;:0,&quot;335551550&quot;:6,&quot;335551620&quot;:6,&quot;335557856&quot;:16777215,&quot;335559738&quot;:0,&quot;335559739&quot;:0,&quot;335559740&quot;:240}\">\u00a0<\/span><\/p><p><span style=\"color: #000000;\">Our manufacturing process integrates advanced high precision CNC machining technologies, ensuring tight dimensional tolerances and top quality surface finishes. These technologies enable consistent and reproducible production of dies, punches, and blades, even with complex geometries.\u00a0<\/span><\/p><p><span style=\"color: #000000;\" data-ccp-props=\"{&quot;134233117&quot;:true,&quot;134233118&quot;:true,&quot;201341983&quot;:0,&quot;335551550&quot;:6,&quot;335551620&quot;:6,&quot;335559740&quot;:240}\">\u00a0<\/span><\/p><p><span style=\"color: #000000;\">We use special high strength steel alloys that provide superior resistance to wear, abrasion, and fatigue common conditions in the die cutting cycles of blister packaging machines.\u00a0<\/span><\/p><p><span style=\"color: #000000;\" data-ccp-props=\"{&quot;134233117&quot;:false,&quot;134233118&quot;:false,&quot;201341983&quot;:0,&quot;335551550&quot;:6,&quot;335551620&quot;:6,&quot;335557856&quot;:16777215,&quot;335559738&quot;:0,&quot;335559739&quot;:0,&quot;335559740&quot;:240}\">\u00a0<\/span><\/p><p><span style=\"color: #000000;\">We offer customized solutions tailored to the technical specifications of each client and type of blister packaging machine.\u00a0<\/span><\/p>\t\t\t\t\t\t\t\t<\/div>\n\t\t\t\t<\/div>\n\t\t\t\t\t<\/div>\n\t\t\t\t<\/div>\n\t\t\t\t<section class=\"elementor-section elementor-top-section elementor-element elementor-element-dtjgvy8 elementor-section-content-middle elementor-section-boxed elementor-section-height-default elementor-section-height-default\" data-id=\"dtjgvy8\" data-element_type=\"section\" data-e-type=\"section\" data-settings=\"{&quot;background_background&quot;:&quot;classic&quot;}\">\n\t\t\t\t\t\t\t<div class=\"elementor-background-overlay\"><\/div>\n\t\t\t\t\t\t\t<div class=\"elementor-container elementor-column-gap-no\">\n\t\t\t\t\t<div class=\"elementor-column elementor-col-50 elementor-top-column elementor-element elementor-element-4147419\" data-id=\"4147419\" data-element_type=\"column\" data-e-type=\"column\">\n\t\t\t<div class=\"elementor-widget-wrap elementor-element-populated\">\n\t\t\t\t\t\t<div class=\"elementor-element elementor-element-d7feaf1 elementor-widget__width-initial elementor-widget elementor-widget-image\" data-id=\"d7feaf1\" data-element_type=\"widget\" data-e-type=\"widget\" data-widget_type=\"image.default\">\n\t\t\t\t<div class=\"elementor-widget-container\">\n\t\t\t\t\t\t\t\t\t\t\t\t\t\t\t<img fetchpriority=\"high\" decoding=\"async\" width=\"1113\" height=\"629\" src=\"https:\/\/www.domalpharma.com.co\/wp-content\/uploads\/2025\/07\/1-troqueles.jpg\" class=\"attachment-full size-full wp-image-4942\" alt=\"\" srcset=\"https:\/\/www.domalpharma.com.co\/wp-content\/uploads\/2025\/07\/1-troqueles.jpg 1113w, https:\/\/www.domalpharma.com.co\/wp-content\/uploads\/2025\/07\/1-troqueles-300x170.jpg 300w, https:\/\/www.domalpharma.com.co\/wp-content\/uploads\/2025\/07\/1-troqueles-1024x579.jpg 1024w, https:\/\/www.domalpharma.com.co\/wp-content\/uploads\/2025\/07\/1-troqueles-768x434.jpg 768w, https:\/\/www.domalpharma.com.co\/wp-content\/uploads\/2025\/07\/1-troqueles-18x10.jpg 18w\" sizes=\"(max-width: 1113px) 100vw, 1113px\" \/>\t\t\t\t\t\t\t\t\t\t\t\t\t\t\t<\/div>\n\t\t\t\t<\/div>\n\t\t\t\t\t<\/div>\n\t\t<\/div>\n\t\t\t\t<div class=\"elementor-column elementor-col-50 elementor-top-column elementor-element elementor-element-e23fa7c\" data-id=\"e23fa7c\" data-element_type=\"column\" data-e-type=\"column\">\n\t\t\t<div class=\"elementor-widget-wrap elementor-element-populated\">\n\t\t\t\t\t\t<div class=\"elementor-element elementor-element-13334d4 elementor-widget__width-initial elementor-widget elementor-widget-image\" data-id=\"13334d4\" data-element_type=\"widget\" data-e-type=\"widget\" data-widget_type=\"image.default\">\n\t\t\t\t<div class=\"elementor-widget-container\">\n\t\t\t\t\t\t\t\t\t\t\t\t\t\t\t<img decoding=\"async\" width=\"951\" height=\"533\" src=\"https:\/\/www.domalpharma.com.co\/wp-content\/uploads\/2025\/07\/2-troqueles.jpg\" class=\"attachment-full size-full wp-image-4943\" alt=\"\" srcset=\"https:\/\/www.domalpharma.com.co\/wp-content\/uploads\/2025\/07\/2-troqueles.jpg 951w, https:\/\/www.domalpharma.com.co\/wp-content\/uploads\/2025\/07\/2-troqueles-300x168.jpg 300w, https:\/\/www.domalpharma.com.co\/wp-content\/uploads\/2025\/07\/2-troqueles-768x430.jpg 768w, https:\/\/www.domalpharma.com.co\/wp-content\/uploads\/2025\/07\/2-troqueles-18x10.jpg 18w\" sizes=\"(max-width: 951px) 100vw, 951px\" \/>\t\t\t\t\t\t\t\t\t\t\t\t\t\t\t<\/div>\n\t\t\t\t<\/div>\n\t\t\t\t\t<\/div>\n\t\t<\/div>\n\t\t\t\t\t<\/div>\n\t\t<\/section>\n\t\t\t\t<\/div>","protected":false},"excerpt":{"rendered":"<p>TROQUELES DE CORTE Y PRECORTE Con a\u00f1os de experiencia y mejora continua en el desarrollo de soluciones de matricer\u00eda para diversos tipos de blisteadoras, hemos perfeccionado nuestros procesos de dise\u00f1o y fabricaci\u00f3n, permiti\u00e9ndonos ofrecer a nuestros clientes troqueles de corte y precorte que cumplen con los m\u00e1s altos est\u00e1ndares de calidad, precisi\u00f3n y durabilidad.\u00a0 \u00a0 [&hellip;]<\/p>\n","protected":false},"author":1,"featured_media":0,"parent":0,"menu_order":0,"comment_status":"closed","ping_status":"closed","template":"","meta":{"pagelayer_contact_templates":[],"_pagelayer_content":"","site-sidebar-layout":"no-sidebar","site-content-layout":"page-builder","ast-site-content-layout":"full-width-container","site-content-style":"default","site-sidebar-style":"default","ast-global-header-display":"","ast-banner-title-visibility":"","ast-main-header-display":"","ast-hfb-above-header-display":"","ast-hfb-below-header-display":"","ast-hfb-mobile-header-display":"","site-post-title":"disabled","ast-breadcrumbs-content":"","ast-featured-img":"disabled","footer-sml-layout":"","theme-transparent-header-meta":"","adv-header-id-meta":"","stick-header-meta":"","header-above-stick-meta":"","header-main-stick-meta":"","header-below-stick-meta":"","astra-migrate-meta-layouts":"set","ast-page-background-enabled":"default","ast-page-background-meta":{"desktop":{"background-color":"var(--ast-global-color-4)","background-image":"","background-repeat":"repeat","background-position":"center center","background-size":"auto","background-attachment":"scroll","background-type":"","background-media":"","overlay-type":"","overlay-color":"","overlay-opacity":"","overlay-gradient":""},"tablet":{"background-color":"","background-image":"","background-repeat":"repeat","background-position":"center center","background-size":"auto","background-attachment":"scroll","background-type":"","background-media":"","overlay-type":"","overlay-color":"","overlay-opacity":"","overlay-gradient":""},"mobile":{"background-color":"","background-image":"","background-repeat":"repeat","background-position":"center center","background-size":"auto","background-attachment":"scroll","background-type":"","background-media":"","overlay-type":"","overlay-color":"","overlay-opacity":"","overlay-gradient":""}},"ast-content-background-meta":{"desktop":{"background-color":"var(--ast-global-color-5)","background-image":"","background-repeat":"repeat","background-position":"center center","background-size":"auto","background-attachment":"scroll","background-type":"","background-media":"","overlay-type":"","overlay-color":"","overlay-opacity":"","overlay-gradient":""},"tablet":{"background-color":"var(--ast-global-color-5)","background-image":"","background-repeat":"repeat","background-position":"center center","background-size":"auto","background-attachment":"scroll","background-type":"","background-media":"","overlay-type":"","overlay-color":"","overlay-opacity":"","overlay-gradient":""},"mobile":{"background-color":"var(--ast-global-color-5)","background-image":"","background-repeat":"repeat","background-position":"center center","background-size":"auto","background-attachment":"scroll","background-type":"","background-media":"","overlay-type":"","overlay-color":"","overlay-opacity":"","overlay-gradient":""}},"footnotes":""},"class_list":["post-2446","page","type-page","status-publish","hentry"],"_links":{"self":[{"href":"https:\/\/www.domalpharma.com.co\/en\/wp-json\/wp\/v2\/pages\/2446","targetHints":{"allow":["GET"]}}],"collection":[{"href":"https:\/\/www.domalpharma.com.co\/en\/wp-json\/wp\/v2\/pages"}],"about":[{"href":"https:\/\/www.domalpharma.com.co\/en\/wp-json\/wp\/v2\/types\/page"}],"author":[{"embeddable":true,"href":"https:\/\/www.domalpharma.com.co\/en\/wp-json\/wp\/v2\/users\/1"}],"replies":[{"embeddable":true,"href":"https:\/\/www.domalpharma.com.co\/en\/wp-json\/wp\/v2\/comments?post=2446"}],"version-history":[{"count":113,"href":"https:\/\/www.domalpharma.com.co\/en\/wp-json\/wp\/v2\/pages\/2446\/revisions"}],"predecessor-version":[{"id":4949,"href":"https:\/\/www.domalpharma.com.co\/en\/wp-json\/wp\/v2\/pages\/2446\/revisions\/4949"}],"wp:attachment":[{"href":"https:\/\/www.domalpharma.com.co\/en\/wp-json\/wp\/v2\/media?parent=2446"}],"curies":[{"name":"wp","href":"https:\/\/api.w.org\/{rel}","templated":true}]}}