{"id":2444,"date":"2025-06-17T04:10:01","date_gmt":"2025-06-17T04:10:01","guid":{"rendered":"https:\/\/www.domalpharma.com.co\/?page_id=2444"},"modified":"2025-07-21T16:46:47","modified_gmt":"2025-07-21T16:46:47","slug":"rodillos-sellado-avance-y-guiado","status":"publish","type":"page","link":"https:\/\/www.domalpharma.com.co\/en\/rodillos-sellado-avance-y-guiado\/","title":{"rendered":"Sealing, Index, and Guiding Rollers"},"content":{"rendered":"\t\t<div data-elementor-type=\"wp-page\" data-elementor-id=\"2444\" class=\"elementor elementor-2444\">\n\t\t\t\t<div class=\"elementor-element elementor-element-7b8d7b2 e-flex e-con-boxed e-con e-parent\" data-id=\"7b8d7b2\" data-element_type=\"container\" data-e-type=\"container\" data-settings=\"{&quot;background_background&quot;:&quot;classic&quot;}\">\n\t\t\t\t\t<div class=\"e-con-inner\">\n\t\t\t\t<div class=\"elementor-element elementor-element-4dc3820 elementor-widget__width-auto elementor-widget elementor-widget-heading\" data-id=\"4dc3820\" data-element_type=\"widget\" data-e-type=\"widget\" data-widget_type=\"heading.default\">\n\t\t\t\t<div class=\"elementor-widget-container\">\n\t\t\t\t\t<h2 class=\"elementor-heading-title elementor-size-default\">RODILLOS DE SELLADO, AVANCE Y GUIADO<\/h2>\t\t\t\t<\/div>\n\t\t\t\t<\/div>\n\t\t\t\t\t<\/div>\n\t\t\t\t<\/div>\n\t\t<div class=\"elementor-element elementor-element-7969e11 e-flex e-con-boxed e-con e-parent\" data-id=\"7969e11\" data-element_type=\"container\" data-e-type=\"container\">\n\t\t\t\t\t<div class=\"e-con-inner\">\n\t\t\t\t<div class=\"elementor-element elementor-element-232f03c elementor-widget elementor-widget-text-editor\" data-id=\"232f03c\" data-element_type=\"widget\" data-e-type=\"widget\" data-widget_type=\"text-editor.default\">\n\t\t\t\t<div class=\"elementor-widget-container\">\n\t\t\t\t\t\t\t\t\t<ul><li data-leveltext=\"\uf0b7\" data-font=\"Symbol\" data-listid=\"16\" data-list-defn-props=\"{&quot;335552541&quot;:1,&quot;335559685&quot;:720,&quot;335559991&quot;:360,&quot;469769226&quot;:&quot;Symbol&quot;,&quot;469769242&quot;:[8226],&quot;469777803&quot;:&quot;left&quot;,&quot;469777804&quot;:&quot;\uf0b7&quot;,&quot;469777815&quot;:&quot;hybridMultilevel&quot;}\" aria-setsize=\"-1\" data-aria-posinset=\"1\" data-aria-level=\"1\"><span style=\"color: #000000;\">Construimos rodillos de sellado grafilados, bajo altos est\u00e1ndares de calidad, en acero inoxidable, que aseguran un sellado herm\u00e9tico en m\u00e1quinas blisteadoras de movimiento continuo.\u00a0\u00a0<\/span><\/li><\/ul><ul><li data-leveltext=\"\uf0b7\" data-font=\"Symbol\" data-listid=\"16\" data-list-defn-props=\"{&quot;335552541&quot;:1,&quot;335559685&quot;:720,&quot;335559991&quot;:360,&quot;469769226&quot;:&quot;Symbol&quot;,&quot;469769242&quot;:[8226],&quot;469777803&quot;:&quot;left&quot;,&quot;469777804&quot;:&quot;\uf0b7&quot;,&quot;469777815&quot;:&quot;hybridMultilevel&quot;}\" aria-setsize=\"-1\" data-aria-posinset=\"2\" data-aria-level=\"1\"><span style=\"color: #000000;\">Rodillos de avance, elaborados en duraluminio con tratamiento superficial, para el transporte de material de forma continua o intermitente a trav\u00e9s de la m\u00e1quina, que aseguran alta precisi\u00f3n en el posicionamiento de la cinta en las diferentes etapas del proceso de blisteado.\u00a0<\/span><\/li><\/ul><ul><li data-leveltext=\"\uf0b7\" data-font=\"Symbol\" data-listid=\"16\" data-list-defn-props=\"{&quot;335552541&quot;:1,&quot;335559685&quot;:720,&quot;335559991&quot;:360,&quot;469769226&quot;:&quot;Symbol&quot;,&quot;469769242&quot;:[8226],&quot;469777803&quot;:&quot;left&quot;,&quot;469777804&quot;:&quot;\uf0b7&quot;,&quot;469777815&quot;:&quot;hybridMultilevel&quot;}\" aria-setsize=\"-1\" data-aria-posinset=\"3\" data-aria-level=\"1\"><span style=\"color: #000000;\">Nuestros rodillos gu\u00eda tambi\u00e9n se fabrican en aleaci\u00f3n de duraluminio con tratamiento superficial, para garantizar la resistencia al desgaste.\u00a0\u00a0\u00a0<\/span><\/li><\/ul>\t\t\t\t\t\t\t\t<\/div>\n\t\t\t\t<\/div>\n\t\t\t\t\t<\/div>\n\t\t\t\t<\/div>\n\t\t\t\t<section class=\"elementor-section elementor-top-section elementor-element elementor-element-a7v4p2w elementor-section-content-middle elementor-section-boxed elementor-section-height-default elementor-section-height-default\" data-id=\"a7v4p2w\" data-element_type=\"section\" data-e-type=\"section\" data-settings=\"{&quot;background_background&quot;:&quot;classic&quot;}\">\n\t\t\t\t\t\t\t<div class=\"elementor-background-overlay\"><\/div>\n\t\t\t\t\t\t\t<div class=\"elementor-container elementor-column-gap-no\">\n\t\t\t\t\t<div class=\"elementor-column elementor-col-33 elementor-top-column elementor-element elementor-element-00fe61f\" data-id=\"00fe61f\" data-element_type=\"column\" data-e-type=\"column\">\n\t\t\t<div class=\"elementor-widget-wrap elementor-element-populated\">\n\t\t\t\t\t\t<div class=\"elementor-element elementor-element-f0ae45e elementor-widget elementor-widget-image\" data-id=\"f0ae45e\" data-element_type=\"widget\" data-e-type=\"widget\" data-widget_type=\"image.default\">\n\t\t\t\t<div class=\"elementor-widget-container\">\n\t\t\t\t\t\t\t\t\t\t\t\t\t\t\t<img fetchpriority=\"high\" decoding=\"async\" width=\"860\" height=\"1024\" src=\"https:\/\/www.domalpharma.com.co\/wp-content\/uploads\/2025\/07\/1-rodillos-860x1024.jpg\" class=\"attachment-large size-large wp-image-4938\" alt=\"\" srcset=\"https:\/\/www.domalpharma.com.co\/wp-content\/uploads\/2025\/07\/1-rodillos-860x1024.jpg 860w, https:\/\/www.domalpharma.com.co\/wp-content\/uploads\/2025\/07\/1-rodillos-252x300.jpg 252w, https:\/\/www.domalpharma.com.co\/wp-content\/uploads\/2025\/07\/1-rodillos-768x914.jpg 768w, https:\/\/www.domalpharma.com.co\/wp-content\/uploads\/2025\/07\/1-rodillos-1290x1536.jpg 1290w, https:\/\/www.domalpharma.com.co\/wp-content\/uploads\/2025\/07\/1-rodillos-10x12.jpg 10w, https:\/\/www.domalpharma.com.co\/wp-content\/uploads\/2025\/07\/1-rodillos.jpg 1344w\" sizes=\"(max-width: 860px) 100vw, 860px\" \/>\t\t\t\t\t\t\t\t\t\t\t\t\t\t\t<\/div>\n\t\t\t\t<\/div>\n\t\t\t\t\t<\/div>\n\t\t<\/div>\n\t\t\t\t<div class=\"elementor-column elementor-col-33 elementor-top-column elementor-element elementor-element-77f9305\" data-id=\"77f9305\" data-element_type=\"column\" data-e-type=\"column\">\n\t\t\t<div class=\"elementor-widget-wrap elementor-element-populated\">\n\t\t\t\t\t\t<div class=\"elementor-element elementor-element-4d5532e elementor-widget elementor-widget-image\" data-id=\"4d5532e\" data-element_type=\"widget\" data-e-type=\"widget\" data-widget_type=\"image.default\">\n\t\t\t\t<div class=\"elementor-widget-container\">\n\t\t\t\t\t\t\t\t\t\t\t\t\t\t\t<img decoding=\"async\" width=\"1024\" height=\"808\" src=\"https:\/\/www.domalpharma.com.co\/wp-content\/uploads\/2025\/06\/rodillos-1-2-1024x808.jpg\" class=\"attachment-large size-large wp-image-2769\" alt=\"\" srcset=\"https:\/\/www.domalpharma.com.co\/wp-content\/uploads\/2025\/06\/rodillos-1-2-1024x808.jpg 1024w, https:\/\/www.domalpharma.com.co\/wp-content\/uploads\/2025\/06\/rodillos-1-2-300x237.jpg 300w, https:\/\/www.domalpharma.com.co\/wp-content\/uploads\/2025\/06\/rodillos-1-2-768x606.jpg 768w, https:\/\/www.domalpharma.com.co\/wp-content\/uploads\/2025\/06\/rodillos-1-2-1536x1212.jpg 1536w, https:\/\/www.domalpharma.com.co\/wp-content\/uploads\/2025\/06\/rodillos-1-2-2048x1616.jpg 2048w\" sizes=\"(max-width: 1024px) 100vw, 1024px\" \/>\t\t\t\t\t\t\t\t\t\t\t\t\t\t\t<\/div>\n\t\t\t\t<\/div>\n\t\t\t\t\t<\/div>\n\t\t<\/div>\n\t\t\t\t<div class=\"elementor-column elementor-col-33 elementor-top-column elementor-element elementor-element-92c59ca\" data-id=\"92c59ca\" data-element_type=\"column\" data-e-type=\"column\">\n\t\t\t<div class=\"elementor-widget-wrap elementor-element-populated\">\n\t\t\t\t\t\t<div class=\"elementor-element elementor-element-d3779df elementor-widget elementor-widget-image\" data-id=\"d3779df\" data-element_type=\"widget\" data-e-type=\"widget\" data-widget_type=\"image.default\">\n\t\t\t\t<div class=\"elementor-widget-container\">\n\t\t\t\t\t\t\t\t\t\t\t\t\t\t\t<img decoding=\"async\" width=\"410\" height=\"430\" src=\"https:\/\/www.domalpharma.com.co\/wp-content\/uploads\/2025\/06\/Screen-Shot-2025-06-20-at-11.00.42-PM.png\" class=\"attachment-large size-large wp-image-2776\" alt=\"\" srcset=\"https:\/\/www.domalpharma.com.co\/wp-content\/uploads\/2025\/06\/Screen-Shot-2025-06-20-at-11.00.42-PM.png 410w, https:\/\/www.domalpharma.com.co\/wp-content\/uploads\/2025\/06\/Screen-Shot-2025-06-20-at-11.00.42-PM-286x300.png 286w\" sizes=\"(max-width: 410px) 100vw, 410px\" \/>\t\t\t\t\t\t\t\t\t\t\t\t\t\t\t<\/div>\n\t\t\t\t<\/div>\n\t\t\t\t\t<\/div>\n\t\t<\/div>\n\t\t\t\t\t<\/div>\n\t\t<\/section>\n\t\t\t\t<\/div>\n\t\t","protected":false},"excerpt":{"rendered":"<p>RODILLOS DE SELLADO, AVANCE Y GUIADO Construimos rodillos de sellado grafilados, bajo altos est\u00e1ndares de calidad, en acero inoxidable, que aseguran un sellado herm\u00e9tico en m\u00e1quinas blisteadoras de movimiento continuo.\u00a0\u00a0 Rodillos de avance, elaborados en duraluminio con tratamiento superficial, para el transporte de material de forma continua o intermitente a trav\u00e9s de la m\u00e1quina, que [&hellip;]<\/p>\n","protected":false},"author":1,"featured_media":0,"parent":0,"menu_order":0,"comment_status":"closed","ping_status":"closed","template":"","meta":{"pagelayer_contact_templates":[],"_pagelayer_content":"","site-sidebar-layout":"no-sidebar","site-content-layout":"page-builder","ast-site-content-layout":"full-width-container","site-content-style":"default","site-sidebar-style":"default","ast-global-header-display":"","ast-banner-title-visibility":"","ast-main-header-display":"","ast-hfb-above-header-display":"","ast-hfb-below-header-display":"","ast-hfb-mobile-header-display":"","site-post-title":"disabled","ast-breadcrumbs-content":"","ast-featured-img":"disabled","footer-sml-layout":"","theme-transparent-header-meta":"","adv-header-id-meta":"","stick-header-meta":"","header-above-stick-meta":"","header-main-stick-meta":"","header-below-stick-meta":"","astra-migrate-meta-layouts":"set","ast-page-background-enabled":"default","ast-page-background-meta":{"desktop":{"background-color":"var(--ast-global-color-4)","background-image":"","background-repeat":"repeat","background-position":"center center","background-size":"auto","background-attachment":"scroll","background-type":"","background-media":"","overlay-type":"","overlay-color":"","overlay-opacity":"","overlay-gradient":""},"tablet":{"background-color":"","background-image":"","background-repeat":"repeat","background-position":"center center","background-size":"auto","background-attachment":"scroll","background-type":"","background-media":"","overlay-type":"","overlay-color":"","overlay-opacity":"","overlay-gradient":""},"mobile":{"background-color":"","background-image":"","background-repeat":"repeat","background-position":"center center","background-size":"auto","background-attachment":"scroll","background-type":"","background-media":"","overlay-type":"","overlay-color":"","overlay-opacity":"","overlay-gradient":""}},"ast-content-background-meta":{"desktop":{"background-color":"var(--ast-global-color-5)","background-image":"","background-repeat":"repeat","background-position":"center center","background-size":"auto","background-attachment":"scroll","background-type":"","background-media":"","overlay-type":"","overlay-color":"","overlay-opacity":"","overlay-gradient":""},"tablet":{"background-color":"var(--ast-global-color-5)","background-image":"","background-repeat":"repeat","background-position":"center center","background-size":"auto","background-attachment":"scroll","background-type":"","background-media":"","overlay-type":"","overlay-color":"","overlay-opacity":"","overlay-gradient":""},"mobile":{"background-color":"var(--ast-global-color-5)","background-image":"","background-repeat":"repeat","background-position":"center center","background-size":"auto","background-attachment":"scroll","background-type":"","background-media":"","overlay-type":"","overlay-color":"","overlay-opacity":"","overlay-gradient":""}},"footnotes":""},"class_list":["post-2444","page","type-page","status-publish","hentry"],"_links":{"self":[{"href":"https:\/\/www.domalpharma.com.co\/en\/wp-json\/wp\/v2\/pages\/2444","targetHints":{"allow":["GET"]}}],"collection":[{"href":"https:\/\/www.domalpharma.com.co\/en\/wp-json\/wp\/v2\/pages"}],"about":[{"href":"https:\/\/www.domalpharma.com.co\/en\/wp-json\/wp\/v2\/types\/page"}],"author":[{"embeddable":true,"href":"https:\/\/www.domalpharma.com.co\/en\/wp-json\/wp\/v2\/users\/1"}],"replies":[{"embeddable":true,"href":"https:\/\/www.domalpharma.com.co\/en\/wp-json\/wp\/v2\/comments?post=2444"}],"version-history":[{"count":89,"href":"https:\/\/www.domalpharma.com.co\/en\/wp-json\/wp\/v2\/pages\/2444\/revisions"}],"predecessor-version":[{"id":4941,"href":"https:\/\/www.domalpharma.com.co\/en\/wp-json\/wp\/v2\/pages\/2444\/revisions\/4941"}],"wp:attachment":[{"href":"https:\/\/www.domalpharma.com.co\/en\/wp-json\/wp\/v2\/media?parent=2444"}],"curies":[{"name":"wp","href":"https:\/\/api.w.org\/{rel}","templated":true}]}}