{"id":2431,"date":"2025-06-17T04:01:23","date_gmt":"2025-06-17T04:01:23","guid":{"rendered":"https:\/\/www.domalpharma.com.co\/?page_id=2431"},"modified":"2025-08-25T15:24:10","modified_gmt":"2025-08-25T15:24:10","slug":"alimentadores-2","status":"publish","type":"page","link":"https:\/\/www.domalpharma.com.co\/en\/alimentadores-2\/","title":{"rendered":"Feeders"},"content":{"rendered":"<div data-elementor-type=\"wp-page\" data-elementor-id=\"2431\" class=\"elementor elementor-2431\">\n\t\t\t\t<div class=\"elementor-element elementor-element-a1694ae e-flex e-con-boxed e-con e-parent\" data-id=\"a1694ae\" data-element_type=\"container\" data-e-type=\"container\" data-settings=\"{&quot;background_background&quot;:&quot;classic&quot;}\">\n\t\t\t\t\t<div class=\"e-con-inner\">\n\t\t\t\t<div class=\"elementor-element elementor-element-a9dfdae elementor-widget__width-auto elementor-widget elementor-widget-heading\" data-id=\"a9dfdae\" data-element_type=\"widget\" data-e-type=\"widget\" data-widget_type=\"heading.default\">\n\t\t\t\t<div class=\"elementor-widget-container\">\n\t\t\t\t\t<h2 class=\"elementor-heading-title elementor-size-default\">FEEDERS<\/h2>\t\t\t\t<\/div>\n\t\t\t\t<\/div>\n\t\t\t\t\t<\/div>\n\t\t\t\t<\/div>\n\t\t<div class=\"elementor-element elementor-element-585689f e-flex e-con-boxed e-con e-parent\" data-id=\"585689f\" data-element_type=\"container\" data-e-type=\"container\">\n\t\t\t\t\t<div class=\"e-con-inner\">\n\t\t\t\t<div class=\"elementor-element elementor-element-3ab1a49 elementor-widget elementor-widget-spacer\" data-id=\"3ab1a49\" data-element_type=\"widget\" data-e-type=\"widget\" data-widget_type=\"spacer.default\">\n\t\t\t\t<div class=\"elementor-widget-container\">\n\t\t\t\t\t\t\t<div class=\"elementor-spacer\">\n\t\t\t<div class=\"elementor-spacer-inner\"><\/div>\n\t\t<\/div>\n\t\t\t\t\t\t<\/div>\n\t\t\t\t<\/div>\n\t\t\t\t<div class=\"elementor-element elementor-element-a6b0a94 elementor-widget elementor-widget-heading\" data-id=\"a6b0a94\" data-element_type=\"widget\" data-e-type=\"widget\" data-widget_type=\"heading.default\">\n\t\t\t\t<div class=\"elementor-widget-container\">\n\t\t\t\t\t<h2 class=\"elementor-heading-title elementor-size-default\">DEDICATED FEEDERS<\/h2>\t\t\t\t<\/div>\n\t\t\t\t<\/div>\n\t\t\t\t<div class=\"elementor-element elementor-element-66a9467 elementor-widget elementor-widget-text-editor\" data-id=\"66a9467\" data-element_type=\"widget\" data-e-type=\"widget\" data-widget_type=\"text-editor.default\">\n\t\t\t\t<div class=\"elementor-widget-container\">\n\t\t\t\t\t\t\t\t\t<p><span style=\"color: #000000;\">The <b>dedicated feeders <\/b>developed by Domal Pharma, are compatible with most blister machines used in pharmaceutical laboratories<b>.\u00a0<\/b><\/span><\/p><p><span style=\"color: #000000;\">\u00a0<\/span><\/p><p><span style=\"color: #000000;\">We customize our solutions according to each client's needs, providing configurable equipment for <b>continuous feeding<\/b> (thermoformable materials) and\/or <b>Intermittent dosing<\/b> with product holding fingers for fill control (cold forming materials ALU\/ALU).\u00a0<\/span><\/p><p><span style=\"color: #000000;\">\u00a0<\/span><\/p><p><span style=\"color: #000000;\">Our feeders are equipped with a control interface that allows synchronization with your blister machine and management of the different operating modes.<\/span><\/p><p>\u00a0<\/p><p><span style=\"color: #000000;\"><span class=\"TextRun SCXW12502634 BCX0\" lang=\"ES-CO\" xml:lang=\"ES-CO\" data-contrast=\"auto\"><span class=\"NormalTextRun SCXW12502634 BCX0\">A<\/span><span class=\"NormalTextRun SCXW12502634 BCX0\">s a part of our blister tools<\/span> <span class=\"NormalTextRun SCXW12502634 BCX0\">production, <\/span><span class=\"NormalTextRun SCXW12502634 BCX0\">we supply Aylward type tubular <\/span><span class=\"NormalTextRun SpellingErrorV2Themed SCXW12502634 BCX0\">chutes,<\/span><span class=\"NormalTextRun SCXW12502634 BCX0\">, <\/span><span class=\"NormalTextRun SCXW12502634 BCX0\">chutes <\/span><span class=\"NormalTextRun SCXW12502634 BCX0\">for continuous discharge<\/span><span class=\"NormalTextRun SCXW12502634 BCX0\"> and<\/span><span class=\"NormalTextRun SCXW12502634 BCX0\"> chutes <\/span><span class=\"NormalTextRun SCXW12502634 BCX0\">with retaining fingers <\/span><span class=\"NormalTextRun SCXW12502634 BCX0\">for dedicated feeders <\/span><span class=\"NormalTextRun SCXW12502634 BCX0\">of all types<\/span><span class=\"NormalTextRun SCXW12502634 BCX0\">.<\/span><\/span><span class=\"EOP SCXW12502634 BCX0\" data-ccp-props=\"{&quot;335551550&quot;:6,&quot;335551620&quot;:6}\">\u00a0<\/span><\/span><\/p><p><span style=\"color: #000000;\"><span class=\"TextRun SCXW12502634 BCX0\" lang=\"ES-CO\" xml:lang=\"ES-CO\" data-contrast=\"auto\"><span class=\"NormalTextRun SCXW12502634 BCX0\">\u00a0<\/span><\/span><\/span><\/p><p><span style=\"color: #000000;\">\u00a0<\/span><\/p><p><span style=\"color: #000000;\" data-ccp-props=\"{&quot;335551550&quot;:6,&quot;335551620&quot;:6}\">\u00a0<\/span><\/p><p><span style=\"color: #000000;\" data-ccp-props=\"{&quot;335551550&quot;:6,&quot;335551620&quot;:6}\">\u00a0<\/span><\/p>\t\t\t\t\t\t\t\t<\/div>\n\t\t\t\t<\/div>\n\t\t\t\t\t<\/div>\n\t\t\t\t<\/div>\n\t\t\t\t<section class=\"elementor-section elementor-top-section elementor-element elementor-element-qnp3dkc elementor-section-boxed elementor-section-height-default elementor-section-height-default\" data-id=\"qnp3dkc\" data-element_type=\"section\" data-e-type=\"section\" data-settings=\"{&quot;background_background&quot;:&quot;classic&quot;}\">\n\t\t\t\t\t\t<div class=\"elementor-container elementor-column-gap-no\">\n\t\t\t\t\t<div class=\"elementor-column elementor-col-100 elementor-top-column elementor-element elementor-element-c3b4893\" data-id=\"c3b4893\" data-element_type=\"column\" data-e-type=\"column\">\n\t\t\t<div class=\"elementor-widget-wrap elementor-element-populated\">\n\t\t\t\t\t\t<section class=\"elementor-section elementor-inner-section elementor-element elementor-element-8059a1b elementor-section-boxed elementor-section-height-default elementor-section-height-default\" data-id=\"8059a1b\" data-element_type=\"section\" data-e-type=\"section\">\n\t\t\t\t\t\t<div class=\"elementor-container elementor-column-gap-no\">\n\t\t\t\t\t<div class=\"elementor-column elementor-col-25 elementor-inner-column elementor-element elementor-element-c30ee36\" data-id=\"c30ee36\" data-element_type=\"column\" data-e-type=\"column\">\n\t\t\t<div class=\"elementor-widget-wrap elementor-element-populated\">\n\t\t\t\t\t\t<div class=\"elementor-element elementor-element-0c8c0e9 elementor-widget__width-initial elementor-position-top elementor-widget elementor-widget-image-box\" data-id=\"0c8c0e9\" data-element_type=\"widget\" data-e-type=\"widget\" data-widget_type=\"image-box.default\">\n\t\t\t\t<div class=\"elementor-widget-container\">\n\t\t\t\t\t<div class=\"elementor-image-box-wrapper\"><figure class=\"elementor-image-box-img\"><img fetchpriority=\"high\" decoding=\"async\" width=\"994\" height=\"1480\" src=\"https:\/\/www.domalpharma.com.co\/wp-content\/uploads\/2025\/07\/1-alim-dedi.jpg\" class=\"attachment-full size-full wp-image-4880\" alt=\"\" srcset=\"https:\/\/www.domalpharma.com.co\/wp-content\/uploads\/2025\/07\/1-alim-dedi.jpg 994w, https:\/\/www.domalpharma.com.co\/wp-content\/uploads\/2025\/07\/1-alim-dedi-201x300.jpg 201w, https:\/\/www.domalpharma.com.co\/wp-content\/uploads\/2025\/07\/1-alim-dedi-688x1024.jpg 688w, https:\/\/www.domalpharma.com.co\/wp-content\/uploads\/2025\/07\/1-alim-dedi-768x1144.jpg 768w, https:\/\/www.domalpharma.com.co\/wp-content\/uploads\/2025\/07\/1-alim-dedi-8x12.jpg 8w\" sizes=\"(max-width: 994px) 100vw, 994px\" \/><\/figure><\/div>\t\t\t\t<\/div>\n\t\t\t\t<\/div>\n\t\t\t\t\t<\/div>\n\t\t<\/div>\n\t\t\t\t<div class=\"elementor-column elementor-col-25 elementor-inner-column elementor-element elementor-element-2b6e32e\" data-id=\"2b6e32e\" data-element_type=\"column\" data-e-type=\"column\">\n\t\t\t<div class=\"elementor-widget-wrap elementor-element-populated\">\n\t\t\t\t\t\t<div class=\"elementor-element elementor-element-e1effa6 elementor-widget__width-initial elementor-position-top elementor-widget elementor-widget-image-box\" data-id=\"e1effa6\" data-element_type=\"widget\" data-e-type=\"widget\" data-widget_type=\"image-box.default\">\n\t\t\t\t<div class=\"elementor-widget-container\">\n\t\t\t\t\t<div class=\"elementor-image-box-wrapper\"><figure class=\"elementor-image-box-img\"><img decoding=\"async\" width=\"510\" height=\"524\" src=\"https:\/\/www.domalpharma.com.co\/wp-content\/uploads\/2025\/06\/Screen-Shot-2025-06-17-at-10.28.12-AM.png\" class=\"attachment-full size-full wp-image-2481\" alt=\"\" srcset=\"https:\/\/www.domalpharma.com.co\/wp-content\/uploads\/2025\/06\/Screen-Shot-2025-06-17-at-10.28.12-AM.png 510w, https:\/\/www.domalpharma.com.co\/wp-content\/uploads\/2025\/06\/Screen-Shot-2025-06-17-at-10.28.12-AM-292x300.png 292w\" sizes=\"(max-width: 510px) 100vw, 510px\" \/><\/figure><\/div>\t\t\t\t<\/div>\n\t\t\t\t<\/div>\n\t\t\t\t\t<\/div>\n\t\t<\/div>\n\t\t\t\t<div class=\"elementor-column elementor-col-25 elementor-inner-column elementor-element elementor-element-6c4362d\" data-id=\"6c4362d\" data-element_type=\"column\" data-e-type=\"column\">\n\t\t\t<div class=\"elementor-widget-wrap elementor-element-populated\">\n\t\t\t\t\t\t<div class=\"elementor-element elementor-element-a1f6515 elementor-widget__width-initial elementor-position-top elementor-widget elementor-widget-image-box\" data-id=\"a1f6515\" data-element_type=\"widget\" data-e-type=\"widget\" data-widget_type=\"image-box.default\">\n\t\t\t\t<div class=\"elementor-widget-container\">\n\t\t\t\t\t<div class=\"elementor-image-box-wrapper\"><figure class=\"elementor-image-box-img\"><img decoding=\"async\" width=\"436\" height=\"530\" src=\"https:\/\/www.domalpharma.com.co\/wp-content\/uploads\/2025\/06\/Screen-Shot-2025-06-17-at-10.28.04-AM.png\" class=\"attachment-full size-full wp-image-2480\" alt=\"\" srcset=\"https:\/\/www.domalpharma.com.co\/wp-content\/uploads\/2025\/06\/Screen-Shot-2025-06-17-at-10.28.04-AM.png 436w, https:\/\/www.domalpharma.com.co\/wp-content\/uploads\/2025\/06\/Screen-Shot-2025-06-17-at-10.28.04-AM-247x300.png 247w\" sizes=\"(max-width: 436px) 100vw, 436px\" \/><\/figure><\/div>\t\t\t\t<\/div>\n\t\t\t\t<\/div>\n\t\t\t\t\t<\/div>\n\t\t<\/div>\n\t\t\t\t<div class=\"elementor-column elementor-col-25 elementor-inner-column elementor-element elementor-element-c674632\" data-id=\"c674632\" data-element_type=\"column\" data-e-type=\"column\">\n\t\t\t<div class=\"elementor-widget-wrap elementor-element-populated\">\n\t\t\t\t\t\t<div class=\"elementor-element elementor-element-1f1c73b elementor-widget__width-initial elementor-position-top elementor-widget elementor-widget-image-box\" data-id=\"1f1c73b\" data-element_type=\"widget\" data-e-type=\"widget\" data-widget_type=\"image-box.default\">\n\t\t\t\t<div class=\"elementor-widget-container\">\n\t\t\t\t\t<div class=\"elementor-image-box-wrapper\"><figure class=\"elementor-image-box-img\"><img loading=\"lazy\" decoding=\"async\" width=\"218\" height=\"520\" src=\"https:\/\/www.domalpharma.com.co\/wp-content\/uploads\/2025\/07\/bajantes-de-alimentacion.png\" class=\"attachment-full size-full wp-image-4125\" alt=\"\" srcset=\"https:\/\/www.domalpharma.com.co\/wp-content\/uploads\/2025\/07\/bajantes-de-alimentacion.png 218w, https:\/\/www.domalpharma.com.co\/wp-content\/uploads\/2025\/07\/bajantes-de-alimentacion-126x300.png 126w\" sizes=\"(max-width: 218px) 100vw, 218px\" \/><\/figure><\/div>\t\t\t\t<\/div>\n\t\t\t\t<\/div>\n\t\t\t\t\t<\/div>\n\t\t<\/div>\n\t\t\t\t\t<\/div>\n\t\t<\/section>\n\t\t\t\t\t<\/div>\n\t\t<\/div>\n\t\t\t\t\t<\/div>\n\t\t<\/section>\n\t\t<div class=\"elementor-element elementor-element-31c4359 e-flex e-con-boxed e-con e-parent\" data-id=\"31c4359\" data-element_type=\"container\" data-e-type=\"container\">\n\t\t\t\t\t<div class=\"e-con-inner\">\n\t\t\t\t<div class=\"elementor-element elementor-element-0a7e9cc elementor-widget elementor-widget-heading\" data-id=\"0a7e9cc\" data-element_type=\"widget\" data-e-type=\"widget\" data-widget_type=\"heading.default\">\n\t\t\t\t<div class=\"elementor-widget-container\">\n\t\t\t\t\t<h2 class=\"elementor-heading-title elementor-size-default\">UNIVERSAL FEEDERS<\/h2>\t\t\t\t<\/div>\n\t\t\t\t<\/div>\n\t\t\t\t<div class=\"elementor-element elementor-element-3d90f0d elementor-widget elementor-widget-text-editor\" data-id=\"3d90f0d\" data-element_type=\"widget\" data-e-type=\"widget\" data-widget_type=\"text-editor.default\">\n\t\t\t\t<div class=\"elementor-widget-container\">\n\t\t\t\t\t\t\t\t\t<p><span style=\"color: #000000;\">Universal brush box feeders with horizontal sweeping action, developed by Domal Pharma, are the ideal solution for most blister machines on the market.<\/span><\/p><p><span class=\"EOP SCXW70032077 BCX0\" style=\"color: #000000;\" data-ccp-props=\"{&quot;335551550&quot;:6,&quot;335551620&quot;:6}\">\u00a0<\/span><\/p><ul><li><span style=\"color: #000000;\">Designs adapted to your machine.\u00a0<\/span><\/li><\/ul><ul><li><span style=\"color: #000000;\">Autonomous control system, making installation easier.\u00a0<\/span><\/li><\/ul><ul><li><span style=\"color: #000000;\">Forward moving mechanism, ideal for blister machines with intermittent cycles, ensuring high filling efficiency.<\/span><\/li><\/ul><ul><li><span style=\"color: #000000; font-style: inherit; font-weight: inherit; background-color: var(--ast-global-color-5);\">Zigzag shaped feeding brushes and modular end-sweeping brushes, with quick change design, made of FDA approved materials and available in various configurations and hardness levels according to the nature of the product making this feeder highly versatile and suitable for different types of tablets, hard capsules, and softgels.\u00a0<\/span><\/li><\/ul><ul><li><span style=\"color: #000000;\">Hopper vibrator system included.\u00a0<\/span><\/li><\/ul><ul><li><span style=\"color: #000000;\">We guarantee the supply of replacement brushes with customized adjustments for each product.<\/span><\/li><\/ul>\t\t\t\t\t\t\t\t<\/div>\n\t\t\t\t<\/div>\n\t\t\t\t\t<\/div>\n\t\t\t\t<\/div>\n\t\t\t\t<section class=\"elementor-section elementor-top-section elementor-element elementor-element-n60vfud elementor-section-content-middle elementor-section-boxed elementor-section-height-default elementor-section-height-default\" data-id=\"n60vfud\" data-element_type=\"section\" data-e-type=\"section\" data-settings=\"{&quot;background_background&quot;:&quot;classic&quot;}\">\n\t\t\t\t\t\t\t<div class=\"elementor-background-overlay\"><\/div>\n\t\t\t\t\t\t\t<div class=\"elementor-container elementor-column-gap-no\">\n\t\t\t\t\t<div class=\"elementor-column elementor-col-33 elementor-top-column elementor-element elementor-element-00fe61f\" data-id=\"00fe61f\" data-element_type=\"column\" data-e-type=\"column\">\n\t\t\t<div class=\"elementor-widget-wrap elementor-element-populated\">\n\t\t\t\t\t\t<div class=\"elementor-element elementor-element-f0ae45e elementor-widget elementor-widget-image\" data-id=\"f0ae45e\" data-element_type=\"widget\" data-e-type=\"widget\" data-widget_type=\"image.default\">\n\t\t\t\t<div class=\"elementor-widget-container\">\n\t\t\t\t\t\t\t\t\t\t\t\t\t\t\t<img loading=\"lazy\" decoding=\"async\" width=\"1024\" height=\"605\" src=\"https:\/\/www.domalpharma.com.co\/wp-content\/uploads\/2025\/07\/OK-IMG-20200718-WA00141-002-1024x605.png\" class=\"attachment-large size-large wp-image-4070\" alt=\"\" srcset=\"https:\/\/www.domalpharma.com.co\/wp-content\/uploads\/2025\/07\/OK-IMG-20200718-WA00141-002-1024x605.png 1024w, https:\/\/www.domalpharma.com.co\/wp-content\/uploads\/2025\/07\/OK-IMG-20200718-WA00141-002-300x177.png 300w, https:\/\/www.domalpharma.com.co\/wp-content\/uploads\/2025\/07\/OK-IMG-20200718-WA00141-002-768x454.png 768w, https:\/\/www.domalpharma.com.co\/wp-content\/uploads\/2025\/07\/OK-IMG-20200718-WA00141-002.png 1076w\" sizes=\"(max-width: 1024px) 100vw, 1024px\" \/>\t\t\t\t\t\t\t\t\t\t\t\t\t\t\t<\/div>\n\t\t\t\t<\/div>\n\t\t\t\t\t<\/div>\n\t\t<\/div>\n\t\t\t\t<div class=\"elementor-column elementor-col-33 elementor-top-column elementor-element elementor-element-77f9305\" data-id=\"77f9305\" data-element_type=\"column\" data-e-type=\"column\">\n\t\t\t<div class=\"elementor-widget-wrap elementor-element-populated\">\n\t\t\t\t\t\t<div class=\"elementor-element elementor-element-4d5532e elementor-widget elementor-widget-image\" data-id=\"4d5532e\" data-element_type=\"widget\" data-e-type=\"widget\" data-widget_type=\"image.default\">\n\t\t\t\t<div class=\"elementor-widget-container\">\n\t\t\t\t\t\t\t\t\t\t\t\t\t\t\t<img loading=\"lazy\" decoding=\"async\" width=\"652\" height=\"360\" src=\"https:\/\/www.domalpharma.com.co\/wp-content\/uploads\/2025\/06\/Screen-Shot-2025-06-17-at-1.13.49-PM.png\" class=\"attachment-large size-large wp-image-2570\" alt=\"\" srcset=\"https:\/\/www.domalpharma.com.co\/wp-content\/uploads\/2025\/06\/Screen-Shot-2025-06-17-at-1.13.49-PM.png 652w, https:\/\/www.domalpharma.com.co\/wp-content\/uploads\/2025\/06\/Screen-Shot-2025-06-17-at-1.13.49-PM-300x166.png 300w\" sizes=\"(max-width: 652px) 100vw, 652px\" \/>\t\t\t\t\t\t\t\t\t\t\t\t\t\t\t<\/div>\n\t\t\t\t<\/div>\n\t\t\t\t\t<\/div>\n\t\t<\/div>\n\t\t\t\t<div class=\"elementor-column elementor-col-33 elementor-top-column elementor-element elementor-element-92c59ca\" data-id=\"92c59ca\" data-element_type=\"column\" data-e-type=\"column\">\n\t\t\t<div class=\"elementor-widget-wrap elementor-element-populated\">\n\t\t\t\t\t\t<div class=\"elementor-element elementor-element-f74feed elementor-widget elementor-widget-video\" data-id=\"f74feed\" data-element_type=\"widget\" data-e-type=\"widget\" data-settings=\"{&quot;video_type&quot;:&quot;hosted&quot;,&quot;controls&quot;:&quot;yes&quot;}\" data-widget_type=\"video.default\">\n\t\t\t\t<div class=\"elementor-widget-container\">\n\t\t\t\t\t\t\t<div class=\"e-hosted-video elementor-wrapper elementor-open-inline\">\n\t\t\t\t\t<video class=\"elementor-video\" src=\"https:\/\/www.domalpharma.com.co\/wp-content\/uploads\/2025\/07\/OK-Alimentador-universal-cepillos-horizontales.mp4\" controls=\"\" preload=\"metadata\" controlslist=\"nodownload\"><\/video>\n\t\t\t\t<\/div>\n\t\t\t\t\t\t<\/div>\n\t\t\t\t<\/div>\n\t\t\t\t\t<\/div>\n\t\t<\/div>\n\t\t\t\t\t<\/div>\n\t\t<\/section>\n\t\t\t\t<\/div>","protected":false},"excerpt":{"rendered":"<p>ALIMENTADORES ALIMENTADORES DEDICADOS Los alimentadores dedicados desarrollados por Domal Pharma, son compatibles con la mayor\u00eda de m\u00e1quinas bl\u00edsteadoras presentes en los laboratorios farmac\u00e9uticos.\u00a0 \u00a0 Personalizamos nuestras soluciones seg\u00fan las necesidades del cliente, suministrando equipos configurables para alimentaci\u00f3n continua (materiales termoformables) y\/o dosificaci\u00f3n discontinua con dedos retenedores de producto para el control de llenado (materiales de [&hellip;]<\/p>\n","protected":false},"author":1,"featured_media":0,"parent":0,"menu_order":0,"comment_status":"closed","ping_status":"closed","template":"","meta":{"pagelayer_contact_templates":[],"_pagelayer_content":"","site-sidebar-layout":"no-sidebar","site-content-layout":"page-builder","ast-site-content-layout":"full-width-container","site-content-style":"default","site-sidebar-style":"default","ast-global-header-display":"","ast-banner-title-visibility":"","ast-main-header-display":"","ast-hfb-above-header-display":"","ast-hfb-below-header-display":"","ast-hfb-mobile-header-display":"","site-post-title":"disabled","ast-breadcrumbs-content":"","ast-featured-img":"disabled","footer-sml-layout":"","theme-transparent-header-meta":"","adv-header-id-meta":"","stick-header-meta":"","header-above-stick-meta":"","header-main-stick-meta":"","header-below-stick-meta":"","astra-migrate-meta-layouts":"set","ast-page-background-enabled":"default","ast-page-background-meta":{"desktop":{"background-color":"var(--ast-global-color-4)","background-image":"","background-repeat":"repeat","background-position":"center center","background-size":"auto","background-attachment":"scroll","background-type":"","background-media":"","overlay-type":"","overlay-color":"","overlay-opacity":"","overlay-gradient":""},"tablet":{"background-color":"","background-image":"","background-repeat":"repeat","background-position":"center center","background-size":"auto","background-attachment":"scroll","background-type":"","background-media":"","overlay-type":"","overlay-color":"","overlay-opacity":"","overlay-gradient":""},"mobile":{"background-color":"","background-image":"","background-repeat":"repeat","background-position":"center center","background-size":"auto","background-attachment":"scroll","background-type":"","background-media":"","overlay-type":"","overlay-color":"","overlay-opacity":"","overlay-gradient":""}},"ast-content-background-meta":{"desktop":{"background-color":"var(--ast-global-color-5)","background-image":"","background-repeat":"repeat","background-position":"center center","background-size":"auto","background-attachment":"scroll","background-type":"","background-media":"","overlay-type":"","overlay-color":"","overlay-opacity":"","overlay-gradient":""},"tablet":{"background-color":"var(--ast-global-color-5)","background-image":"","background-repeat":"repeat","background-position":"center center","background-size":"auto","background-attachment":"scroll","background-type":"","background-media":"","overlay-type":"","overlay-color":"","overlay-opacity":"","overlay-gradient":""},"mobile":{"background-color":"var(--ast-global-color-5)","background-image":"","background-repeat":"repeat","background-position":"center center","background-size":"auto","background-attachment":"scroll","background-type":"","background-media":"","overlay-type":"","overlay-color":"","overlay-opacity":"","overlay-gradient":""}},"footnotes":""},"class_list":["post-2431","page","type-page","status-publish","hentry"],"_links":{"self":[{"href":"https:\/\/www.domalpharma.com.co\/en\/wp-json\/wp\/v2\/pages\/2431","targetHints":{"allow":["GET"]}}],"collection":[{"href":"https:\/\/www.domalpharma.com.co\/en\/wp-json\/wp\/v2\/pages"}],"about":[{"href":"https:\/\/www.domalpharma.com.co\/en\/wp-json\/wp\/v2\/types\/page"}],"author":[{"embeddable":true,"href":"https:\/\/www.domalpharma.com.co\/en\/wp-json\/wp\/v2\/users\/1"}],"replies":[{"embeddable":true,"href":"https:\/\/www.domalpharma.com.co\/en\/wp-json\/wp\/v2\/comments?post=2431"}],"version-history":[{"count":371,"href":"https:\/\/www.domalpharma.com.co\/en\/wp-json\/wp\/v2\/pages\/2431\/revisions"}],"predecessor-version":[{"id":5070,"href":"https:\/\/www.domalpharma.com.co\/en\/wp-json\/wp\/v2\/pages\/2431\/revisions\/5070"}],"wp:attachment":[{"href":"https:\/\/www.domalpharma.com.co\/en\/wp-json\/wp\/v2\/media?parent=2431"}],"curies":[{"name":"wp","href":"https:\/\/api.w.org\/{rel}","templated":true}]}}