{"id":2114,"date":"2025-05-27T16:56:23","date_gmt":"2025-05-27T16:56:23","guid":{"rendered":"https:\/\/www.domalpharma.com.co\/?page_id=2114"},"modified":"2025-07-25T21:01:58","modified_gmt":"2025-07-25T21:01:58","slug":"repuestos-y-accesorios-para-blisteadoras","status":"publish","type":"page","link":"https:\/\/www.domalpharma.com.co\/en\/repuestos-y-accesorios-para-blisteadoras\/","title":{"rendered":"Spare Parts and Accessories"},"content":{"rendered":"\t\t<div data-elementor-type=\"wp-page\" data-elementor-id=\"2114\" class=\"elementor elementor-2114\">\n\t\t\t\t<div class=\"elementor-element elementor-element-f4beb11 e-flex e-con-boxed e-con e-parent\" data-id=\"f4beb11\" data-element_type=\"container\" data-e-type=\"container\" data-settings=\"{&quot;animation&quot;:&quot;none&quot;}\">\n\t\t\t\t\t<div class=\"e-con-inner\">\n\t\t<div class=\"elementor-element elementor-element-b624096 e-con-full e-flex e-con e-child\" data-id=\"b624096\" data-element_type=\"container\" data-e-type=\"container\">\n\t\t\t\t<div class=\"elementor-element elementor-element-f74d2f6 elementor-widget elementor-widget-heading\" data-id=\"f74d2f6\" data-element_type=\"widget\" data-e-type=\"widget\" data-widget_type=\"heading.default\">\n\t\t\t\t<div class=\"elementor-widget-container\">\n\t\t\t\t\t<h2 class=\"elementor-heading-title elementor-size-default\">REPUESTOS Y ACCESORIOS <\/h2>\t\t\t\t<\/div>\n\t\t\t\t<\/div>\n\t\t\t\t<div class=\"elementor-element elementor-element-e605994 elementor-widget elementor-widget-text-editor\" data-id=\"e605994\" data-element_type=\"widget\" data-e-type=\"widget\" data-widget_type=\"text-editor.default\">\n\t\t\t\t<div class=\"elementor-widget-container\">\n\t\t\t\t\t\t\t\t\t<p><span style=\"color: #000000;\">Comercializamos repuestos y accesorios para l\u00edneas de blisteado y estuchado, garantizando la continuidad operativa de tus equipos y la calidad en tus procesos de empaque.\u202f&nbsp;<\/span><\/p>\n<p><span style=\"color: #000000;\" data-ccp-props=\"{&quot;201341983&quot;:0,&quot;335551550&quot;:6,&quot;335551620&quot;:6,&quot;335557856&quot;:16777215,&quot;335559739&quot;:0,&quot;335559740&quot;:240}\">&nbsp;<\/span><\/p>\n<p><span style=\"color: #000000;\">Ofrecemos piezas compatibles, seleccionadas cuidadosamente para cumplir con los m\u00e1s altos est\u00e1ndares de durabilidad, precisi\u00f3n y eficiencia.&nbsp;<\/span><\/p>\n<p><span style=\"color: #000000;\">\u202f&nbsp;<\/span><\/p>\n<ul>\n<li aria-setsize=\"-1\" data-leveltext=\"\uf0b7\" data-font=\"Symbol\" data-listid=\"20\" data-list-defn-props=\"{&quot;335552541&quot;:1,&quot;335559685&quot;:720,&quot;335559991&quot;:360,&quot;469769226&quot;:&quot;Symbol&quot;,&quot;469769242&quot;:[8226],&quot;469777803&quot;:&quot;left&quot;,&quot;469777804&quot;:&quot;\uf0b7&quot;,&quot;469777815&quot;:&quot;multilevel&quot;}\" data-aria-posinset=\"1\" data-aria-level=\"1\"><span style=\"color: #000000;\">Levas<b>, <\/b>fabricadas a la medida, para estaciones de formado, sellado, avance y corte de diversos tipos de blisteadora.&nbsp;<\/span>&nbsp;<\/li>\n<\/ul>\n<ul>\n<li aria-setsize=\"-1\" data-leveltext=\"\uf0b7\" data-font=\"Symbol\" data-listid=\"20\" data-list-defn-props=\"{&quot;335552541&quot;:1,&quot;335559685&quot;:720,&quot;335559991&quot;:360,&quot;469769226&quot;:&quot;Symbol&quot;,&quot;469769242&quot;:[8226],&quot;469777803&quot;:&quot;left&quot;,&quot;469777804&quot;:&quot;\uf0b7&quot;,&quot;469777815&quot;:&quot;multilevel&quot;}\" data-aria-posinset=\"2\" data-aria-level=\"1\"><span style=\"color: #000000;\">Encolumnados<b> <\/b>para estaciones de formado, sellado y corte.&nbsp;<\/span><\/li>\n<\/ul>\n<ul>\n<li aria-setsize=\"-1\" data-leveltext=\"\uf0b7\" data-font=\"Symbol\" data-listid=\"20\" data-list-defn-props=\"{&quot;335552541&quot;:1,&quot;335559685&quot;:720,&quot;335559991&quot;:360,&quot;469769226&quot;:&quot;Symbol&quot;,&quot;469769242&quot;:[8226],&quot;469777803&quot;:&quot;left&quot;,&quot;469777804&quot;:&quot;\uf0b7&quot;,&quot;469777815&quot;:&quot;multilevel&quot;}\" data-aria-posinset=\"3\" data-aria-level=\"1\"><span style=\"color: #000000;\">Arandelas El\u00e1sticas<b> <\/b>para soporte de carga axial din\u00e1mica en las estaciones de formado y sellado de m\u00e1quinas bl\u00edster.&nbsp;<\/span>\u202f&nbsp;<\/li>\n<\/ul>\n<ul>\n<li aria-setsize=\"-1\" data-leveltext=\"\uf0b7\" data-font=\"Symbol\" data-listid=\"18\" data-list-defn-props=\"{&quot;335552541&quot;:1,&quot;335559685&quot;:720,&quot;335559991&quot;:360,&quot;469769226&quot;:&quot;Symbol&quot;,&quot;469769242&quot;:[8226],&quot;469777803&quot;:&quot;left&quot;,&quot;469777804&quot;:&quot;\uf0b7&quot;,&quot;469777815&quot;:&quot;multilevel&quot;}\" data-aria-posinset=\"1\" data-aria-level=\"1\"><span style=\"color: #000000;\">\u202fTipos Codificadores, de alta durabilidad, para maquinas bl\u00edster y encartonadoras.&nbsp;<\/span><\/li>\n<\/ul>\n<ul>\n<li aria-setsize=\"-1\" data-leveltext=\"\uf0b7\" data-font=\"Symbol\" data-listid=\"18\" data-list-defn-props=\"{&quot;335552541&quot;:1,&quot;335559685&quot;:720,&quot;335559991&quot;:360,&quot;469769226&quot;:&quot;Symbol&quot;,&quot;469769242&quot;:[8226],&quot;469777803&quot;:&quot;left&quot;,&quot;469777804&quot;:&quot;\uf0b7&quot;,&quot;469777815&quot;:&quot;multilevel&quot;}\" data-aria-posinset=\"2\" data-aria-level=\"1\"><span style=\"color: #000000;\">Cepillos y Paletas para alimentadores,<b> <\/b>de diferentes formas y dureza.&nbsp;<\/span>&nbsp;<\/li>\n<\/ul>\n<ul>\n<li aria-setsize=\"-1\" data-leveltext=\"\uf0b7\" data-font=\"Symbol\" data-listid=\"18\" data-list-defn-props=\"{&quot;335552541&quot;:1,&quot;335559685&quot;:720,&quot;335559991&quot;:360,&quot;469769226&quot;:&quot;Symbol&quot;,&quot;469769242&quot;:[8226],&quot;469777803&quot;:&quot;left&quot;,&quot;469777804&quot;:&quot;\uf0b7&quot;,&quot;469777815&quot;:&quot;multilevel&quot;}\" data-aria-posinset=\"3\" data-aria-level=\"1\"><span style=\"color: #000000;\">Dedos trans para maquinas encartonadoras.\u202f&nbsp;<\/span>&nbsp;<\/li>\n<\/ul>\n<ul>\n<li aria-setsize=\"-1\" data-leveltext=\"\uf0b7\" data-font=\"Symbol\" data-listid=\"19\" data-list-defn-props=\"{&quot;335552541&quot;:1,&quot;335559685&quot;:720,&quot;335559991&quot;:360,&quot;469769226&quot;:&quot;Symbol&quot;,&quot;469769242&quot;:[8226],&quot;469777803&quot;:&quot;left&quot;,&quot;469777804&quot;:&quot;\uf0b7&quot;,&quot;469777815&quot;:&quot;multilevel&quot;}\" data-aria-posinset=\"1\" data-aria-level=\"1\"><span style=\"color: #000000;\">Estaciones de Codificado, con accionamiento neum\u00e1tico que independizan esta operaci\u00f3n de la estaci\u00f3n de sellado de su blisteadora, logr\u00e1ndose una estampada n\u00edtida en el bl\u00edster por el lado del material de termoformado.&nbsp;<\/span>\u202f\u202f&nbsp;<\/li><\/ul>\n<p><span style=\"color: #000000;\">Brindamos asesor\u00eda t\u00e9cnica personalizada para identificar el repuesto adecuado, as\u00ed como servicios de instalaci\u00f3n y puesta en marcha cuando se requiera.&nbsp;<\/span><\/p>\t\t\t\t\t\t\t\t<\/div>\n\t\t\t\t<\/div>\n\t\t\t\t<\/div>\n\t\t\t\t\t<\/div>\n\t\t\t\t<\/div>\n\t\t\t\t<section class=\"elementor-section elementor-top-section elementor-element elementor-element-a6vrinl elementor-section-content-middle elementor-section-boxed elementor-section-height-default elementor-section-height-default\" data-id=\"a6vrinl\" data-element_type=\"section\" data-e-type=\"section\" data-settings=\"{&quot;background_background&quot;:&quot;classic&quot;}\">\n\t\t\t\t\t\t\t<div class=\"elementor-background-overlay\"><\/div>\n\t\t\t\t\t\t\t<div class=\"elementor-container elementor-column-gap-no\">\n\t\t\t\t\t<div class=\"elementor-column elementor-col-33 elementor-top-column elementor-element elementor-element-2fe83d4\" data-id=\"2fe83d4\" data-element_type=\"column\" data-e-type=\"column\">\n\t\t\t<div class=\"elementor-widget-wrap elementor-element-populated\">\n\t\t\t\t\t\t<div class=\"elementor-element elementor-element-7904552 elementor-invisible elementor-widget elementor-widget-image\" data-id=\"7904552\" data-element_type=\"widget\" data-e-type=\"widget\" data-settings=\"{&quot;_animation&quot;:&quot;zoomIn&quot;}\" data-widget_type=\"image.default\">\n\t\t\t\t<div class=\"elementor-widget-container\">\n\t\t\t\t\t\t\t\t\t\t\t\t\t\t\t<img fetchpriority=\"high\" decoding=\"async\" width=\"854\" height=\"513\" src=\"https:\/\/www.domalpharma.com.co\/wp-content\/uploads\/2025\/07\/1-OPCIONAL.jpg\" class=\"attachment-full size-full wp-image-4972\" alt=\"\" srcset=\"https:\/\/www.domalpharma.com.co\/wp-content\/uploads\/2025\/07\/1-OPCIONAL.jpg 854w, https:\/\/www.domalpharma.com.co\/wp-content\/uploads\/2025\/07\/1-OPCIONAL-300x180.jpg 300w, https:\/\/www.domalpharma.com.co\/wp-content\/uploads\/2025\/07\/1-OPCIONAL-768x461.jpg 768w, https:\/\/www.domalpharma.com.co\/wp-content\/uploads\/2025\/07\/1-OPCIONAL-18x12.jpg 18w\" sizes=\"(max-width: 854px) 100vw, 854px\" \/>\t\t\t\t\t\t\t\t\t\t\t\t\t\t\t<\/div>\n\t\t\t\t<\/div>\n\t\t\t\t\t<\/div>\n\t\t<\/div>\n\t\t\t\t<div class=\"elementor-column elementor-col-33 elementor-top-column elementor-element elementor-element-7c492c6\" data-id=\"7c492c6\" data-element_type=\"column\" data-e-type=\"column\">\n\t\t\t<div class=\"elementor-widget-wrap elementor-element-populated\">\n\t\t\t\t\t\t<div class=\"elementor-element elementor-element-501a0b7 elementor-invisible elementor-widget elementor-widget-image\" data-id=\"501a0b7\" data-element_type=\"widget\" data-e-type=\"widget\" data-settings=\"{&quot;_animation&quot;:&quot;zoomIn&quot;}\" data-widget_type=\"image.default\">\n\t\t\t\t<div class=\"elementor-widget-container\">\n\t\t\t\t\t\t\t\t\t\t\t\t\t\t\t<img decoding=\"async\" width=\"954\" height=\"527\" src=\"https:\/\/www.domalpharma.com.co\/wp-content\/uploads\/2025\/07\/2-OP.jpg\" class=\"attachment-full size-full wp-image-4973\" alt=\"\" srcset=\"https:\/\/www.domalpharma.com.co\/wp-content\/uploads\/2025\/07\/2-OP.jpg 954w, https:\/\/www.domalpharma.com.co\/wp-content\/uploads\/2025\/07\/2-OP-300x166.jpg 300w, https:\/\/www.domalpharma.com.co\/wp-content\/uploads\/2025\/07\/2-OP-768x424.jpg 768w, https:\/\/www.domalpharma.com.co\/wp-content\/uploads\/2025\/07\/2-OP-18x10.jpg 18w\" sizes=\"(max-width: 954px) 100vw, 954px\" \/>\t\t\t\t\t\t\t\t\t\t\t\t\t\t\t<\/div>\n\t\t\t\t<\/div>\n\t\t\t\t\t<\/div>\n\t\t<\/div>\n\t\t\t\t<div class=\"elementor-column elementor-col-33 elementor-top-column elementor-element elementor-element-49af9cc\" data-id=\"49af9cc\" data-element_type=\"column\" data-e-type=\"column\">\n\t\t\t<div class=\"elementor-widget-wrap elementor-element-populated\">\n\t\t\t\t\t\t<div class=\"elementor-element elementor-element-f1d9a42 elementor-invisible elementor-widget elementor-widget-image\" data-id=\"f1d9a42\" data-element_type=\"widget\" data-e-type=\"widget\" data-settings=\"{&quot;_animation&quot;:&quot;zoomIn&quot;}\" data-widget_type=\"image.default\">\n\t\t\t\t<div class=\"elementor-widget-container\">\n\t\t\t\t\t\t\t\t\t\t\t\t\t\t\t<img decoding=\"async\" width=\"958\" height=\"535\" src=\"https:\/\/www.domalpharma.com.co\/wp-content\/uploads\/2025\/07\/3-2.jpg\" class=\"attachment-full size-full wp-image-4974\" alt=\"\" srcset=\"https:\/\/www.domalpharma.com.co\/wp-content\/uploads\/2025\/07\/3-2.jpg 958w, https:\/\/www.domalpharma.com.co\/wp-content\/uploads\/2025\/07\/3-2-300x168.jpg 300w, https:\/\/www.domalpharma.com.co\/wp-content\/uploads\/2025\/07\/3-2-768x429.jpg 768w, https:\/\/www.domalpharma.com.co\/wp-content\/uploads\/2025\/07\/3-2-18x10.jpg 18w\" sizes=\"(max-width: 958px) 100vw, 958px\" \/>\t\t\t\t\t\t\t\t\t\t\t\t\t\t\t<\/div>\n\t\t\t\t<\/div>\n\t\t\t\t\t<\/div>\n\t\t<\/div>\n\t\t\t\t\t<\/div>\n\t\t<\/section>\n\t\t\t\t<\/div>\n\t\t","protected":false},"excerpt":{"rendered":"<p>REPUESTOS Y ACCESORIOS Comercializamos repuestos y accesorios para l\u00edneas de blisteado y estuchado, garantizando la continuidad operativa de tus equipos y la calidad en tus procesos de empaque.\u202f&nbsp; &nbsp; Ofrecemos piezas compatibles, seleccionadas cuidadosamente para cumplir con los m\u00e1s altos est\u00e1ndares de durabilidad, precisi\u00f3n y eficiencia.&nbsp; \u202f&nbsp; Levas, fabricadas a la medida, para estaciones de [&hellip;]<\/p>\n","protected":false},"author":1,"featured_media":0,"parent":0,"menu_order":0,"comment_status":"closed","ping_status":"closed","template":"","meta":{"pagelayer_contact_templates":[],"_pagelayer_content":"","site-sidebar-layout":"no-sidebar","site-content-layout":"page-builder","ast-site-content-layout":"full-width-container","site-content-style":"default","site-sidebar-style":"default","ast-global-header-display":"","ast-banner-title-visibility":"","ast-main-header-display":"","ast-hfb-above-header-display":"","ast-hfb-below-header-display":"","ast-hfb-mobile-header-display":"","site-post-title":"disabled","ast-breadcrumbs-content":"","ast-featured-img":"disabled","footer-sml-layout":"","theme-transparent-header-meta":"","adv-header-id-meta":"","stick-header-meta":"","header-above-stick-meta":"","header-main-stick-meta":"","header-below-stick-meta":"","astra-migrate-meta-layouts":"set","ast-page-background-enabled":"default","ast-page-background-meta":{"desktop":{"background-color":"var(--ast-global-color-4)","background-image":"","background-repeat":"repeat","background-position":"center center","background-size":"auto","background-attachment":"scroll","background-type":"","background-media":"","overlay-type":"","overlay-color":"","overlay-opacity":"","overlay-gradient":""},"tablet":{"background-color":"","background-image":"","background-repeat":"repeat","background-position":"center center","background-size":"auto","background-attachment":"scroll","background-type":"","background-media":"","overlay-type":"","overlay-color":"","overlay-opacity":"","overlay-gradient":""},"mobile":{"background-color":"","background-image":"","background-repeat":"repeat","background-position":"center center","background-size":"auto","background-attachment":"scroll","background-type":"","background-media":"","overlay-type":"","overlay-color":"","overlay-opacity":"","overlay-gradient":""}},"ast-content-background-meta":{"desktop":{"background-color":"var(--ast-global-color-5)","background-image":"","background-repeat":"repeat","background-position":"center center","background-size":"auto","background-attachment":"scroll","background-type":"","background-media":"","overlay-type":"","overlay-color":"","overlay-opacity":"","overlay-gradient":""},"tablet":{"background-color":"var(--ast-global-color-5)","background-image":"","background-repeat":"repeat","background-position":"center center","background-size":"auto","background-attachment":"scroll","background-type":"","background-media":"","overlay-type":"","overlay-color":"","overlay-opacity":"","overlay-gradient":""},"mobile":{"background-color":"var(--ast-global-color-5)","background-image":"","background-repeat":"repeat","background-position":"center center","background-size":"auto","background-attachment":"scroll","background-type":"","background-media":"","overlay-type":"","overlay-color":"","overlay-opacity":"","overlay-gradient":""}},"footnotes":""},"class_list":["post-2114","page","type-page","status-publish","hentry"],"_links":{"self":[{"href":"https:\/\/www.domalpharma.com.co\/en\/wp-json\/wp\/v2\/pages\/2114","targetHints":{"allow":["GET"]}}],"collection":[{"href":"https:\/\/www.domalpharma.com.co\/en\/wp-json\/wp\/v2\/pages"}],"about":[{"href":"https:\/\/www.domalpharma.com.co\/en\/wp-json\/wp\/v2\/types\/page"}],"author":[{"embeddable":true,"href":"https:\/\/www.domalpharma.com.co\/en\/wp-json\/wp\/v2\/users\/1"}],"replies":[{"embeddable":true,"href":"https:\/\/www.domalpharma.com.co\/en\/wp-json\/wp\/v2\/comments?post=2114"}],"version-history":[{"count":77,"href":"https:\/\/www.domalpharma.com.co\/en\/wp-json\/wp\/v2\/pages\/2114\/revisions"}],"predecessor-version":[{"id":5049,"href":"https:\/\/www.domalpharma.com.co\/en\/wp-json\/wp\/v2\/pages\/2114\/revisions\/5049"}],"wp:attachment":[{"href":"https:\/\/www.domalpharma.com.co\/en\/wp-json\/wp\/v2\/media?parent=2114"}],"curies":[{"name":"wp","href":"https:\/\/api.w.org\/{rel}","templated":true}]}}