{"id":2112,"date":"2025-05-27T16:56:23","date_gmt":"2025-05-27T16:56:23","guid":{"rendered":"https:\/\/www.domalpharma.com.co\/?page_id=2112"},"modified":"2025-07-21T16:55:12","modified_gmt":"2025-07-21T16:55:12","slug":"asesoria","status":"publish","type":"page","link":"https:\/\/www.domalpharma.com.co\/en\/asesoria\/","title":{"rendered":"Consulting"},"content":{"rendered":"<div data-elementor-type=\"wp-page\" data-elementor-id=\"2112\" class=\"elementor elementor-2112\">\n\t\t\t\t<div class=\"elementor-element elementor-element-75285f9 e-flex e-con-boxed e-con e-parent\" data-id=\"75285f9\" data-element_type=\"container\" data-e-type=\"container\" data-settings=\"{&quot;animation&quot;:&quot;none&quot;}\">\n\t\t\t\t\t<div class=\"e-con-inner\">\n\t\t<div class=\"elementor-element elementor-element-414dadb e-con-full e-flex e-con e-child\" data-id=\"414dadb\" data-element_type=\"container\" data-e-type=\"container\">\n\t\t\t\t<div class=\"elementor-element elementor-element-dfc05bd elementor-widget elementor-widget-heading\" data-id=\"dfc05bd\" data-element_type=\"widget\" data-e-type=\"widget\" data-widget_type=\"heading.default\">\n\t\t\t\t<div class=\"elementor-widget-container\">\n\t\t\t\t\t<h2 class=\"elementor-heading-title elementor-size-default\">CONSULTING<\/h2>\t\t\t\t<\/div>\n\t\t\t\t<\/div>\n\t\t\t\t<div class=\"elementor-element elementor-element-b914d44 elementor-widget elementor-widget-text-editor\" data-id=\"b914d44\" data-element_type=\"widget\" data-e-type=\"widget\" data-widget_type=\"text-editor.default\">\n\t\t\t\t<div class=\"elementor-widget-container\">\n\t\t\t\t\t\t\t\t\t<p><span style=\"color: #000000;\">Our company provides specialized technical consulting in the automation and modernization of industrial equipment such as blister machines, fluid bed dryers, and coating pans.\u00a0<\/span><\/p><p><span style=\"color: #000000;\">\u202f\u00a0<\/span><\/p><p><span style=\"color: #000000;\">We support our clients from the initial diagnosis to the implementation of solutions, ensuring significant improvements in efficiency, productivity, and process control.\u00a0<\/span><\/p><p><span style=\"color: #000000;\">\u202f\u00a0<\/span><\/p><p><span style=\"color: #000000;\">Our service includes on site technical assessment, data analysis, customized solution design, and delivery of complete documentation supporting every stage of the project.\u00a0<\/span><\/p>\t\t\t\t\t\t\t\t<\/div>\n\t\t\t\t<\/div>\n\t\t\t\t<\/div>\n\t\t<div class=\"elementor-element elementor-element-85e64fc e-con-full e-flex e-con e-child\" data-id=\"85e64fc\" data-element_type=\"container\" data-e-type=\"container\">\n\t\t\t\t<div class=\"elementor-element elementor-element-209be63 elementor-invisible elementor-widget elementor-widget-image\" data-id=\"209be63\" data-element_type=\"widget\" data-e-type=\"widget\" data-settings=\"{&quot;_animation&quot;:&quot;zoomIn&quot;}\" data-widget_type=\"image.default\">\n\t\t\t\t<div class=\"elementor-widget-container\">\n\t\t\t\t\t\t\t\t\t\t\t\t\t\t\t<img fetchpriority=\"high\" decoding=\"async\" width=\"1024\" height=\"559\" src=\"https:\/\/www.domalpharma.com.co\/wp-content\/uploads\/2025\/05\/Whisk_20b54934e9-1024x559.jpg\" class=\"attachment-large size-large wp-image-2140\" alt=\"\" srcset=\"https:\/\/www.domalpharma.com.co\/wp-content\/uploads\/2025\/05\/Whisk_20b54934e9-1024x559.jpg 1024w, https:\/\/www.domalpharma.com.co\/wp-content\/uploads\/2025\/05\/Whisk_20b54934e9-300x164.jpg 300w, https:\/\/www.domalpharma.com.co\/wp-content\/uploads\/2025\/05\/Whisk_20b54934e9-768x419.jpg 768w, https:\/\/www.domalpharma.com.co\/wp-content\/uploads\/2025\/05\/Whisk_20b54934e9.jpg 1408w\" sizes=\"(max-width: 1024px) 100vw, 1024px\" \/>\t\t\t\t\t\t\t\t\t\t\t\t\t\t\t<\/div>\n\t\t\t\t<\/div>\n\t\t\t\t<div class=\"elementor-element elementor-element-1695856 elementor-invisible elementor-widget elementor-widget-image\" data-id=\"1695856\" data-element_type=\"widget\" data-e-type=\"widget\" data-settings=\"{&quot;_animation&quot;:&quot;zoomIn&quot;}\" data-widget_type=\"image.default\">\n\t\t\t\t<div class=\"elementor-widget-container\">\n\t\t\t\t\t\t\t\t\t\t\t\t\t\t\t<img decoding=\"async\" width=\"1024\" height=\"559\" src=\"https:\/\/www.domalpharma.com.co\/wp-content\/uploads\/2025\/05\/Whisk_b641fb4c01-1024x559.jpg\" class=\"attachment-large size-large wp-image-2141\" alt=\"\" srcset=\"https:\/\/www.domalpharma.com.co\/wp-content\/uploads\/2025\/05\/Whisk_b641fb4c01-1024x559.jpg 1024w, https:\/\/www.domalpharma.com.co\/wp-content\/uploads\/2025\/05\/Whisk_b641fb4c01-300x164.jpg 300w, https:\/\/www.domalpharma.com.co\/wp-content\/uploads\/2025\/05\/Whisk_b641fb4c01-768x419.jpg 768w, https:\/\/www.domalpharma.com.co\/wp-content\/uploads\/2025\/05\/Whisk_b641fb4c01.jpg 1408w\" sizes=\"(max-width: 1024px) 100vw, 1024px\" \/>\t\t\t\t\t\t\t\t\t\t\t\t\t\t\t<\/div>\n\t\t\t\t<\/div>\n\t\t\t\t<\/div>\n\t\t\t\t\t<\/div>\n\t\t\t\t<\/div>\n\t\t\t\t<\/div>","protected":false},"excerpt":{"rendered":"<p>ASESOR\u00cdA Nuestra empresa \u202fbrinda asesor\u00eda t\u00e9cnica especializada en procesos de automatizaci\u00f3n y modernizaci\u00f3n de equipos industriales como bl\u00edsteadoras, secadores de lecho fluidizado y bombos de recubrimiento.\u00a0 \u202f\u00a0 Acompa\u00f1amos a nuestros clientes desde el diagn\u00f3stico inicial hasta la implementaci\u00f3n de soluciones, garantizando mejoras significativas en eficiencia, productividad y control de procesos.\u00a0 \u202f\u00a0 Nuestro servicio abarca el [&hellip;]<\/p>\n","protected":false},"author":1,"featured_media":0,"parent":0,"menu_order":0,"comment_status":"closed","ping_status":"closed","template":"","meta":{"pagelayer_contact_templates":[],"_pagelayer_content":"","site-sidebar-layout":"no-sidebar","site-content-layout":"page-builder","ast-site-content-layout":"full-width-container","site-content-style":"default","site-sidebar-style":"default","ast-global-header-display":"","ast-banner-title-visibility":"","ast-main-header-display":"","ast-hfb-above-header-display":"","ast-hfb-below-header-display":"","ast-hfb-mobile-header-display":"","site-post-title":"disabled","ast-breadcrumbs-content":"","ast-featured-img":"disabled","footer-sml-layout":"","theme-transparent-header-meta":"","adv-header-id-meta":"","stick-header-meta":"","header-above-stick-meta":"","header-main-stick-meta":"","header-below-stick-meta":"","astra-migrate-meta-layouts":"set","ast-page-background-enabled":"default","ast-page-background-meta":{"desktop":{"background-color":"var(--ast-global-color-4)","background-image":"","background-repeat":"repeat","background-position":"center center","background-size":"auto","background-attachment":"scroll","background-type":"","background-media":"","overlay-type":"","overlay-color":"","overlay-opacity":"","overlay-gradient":""},"tablet":{"background-color":"","background-image":"","background-repeat":"repeat","background-position":"center center","background-size":"auto","background-attachment":"scroll","background-type":"","background-media":"","overlay-type":"","overlay-color":"","overlay-opacity":"","overlay-gradient":""},"mobile":{"background-color":"","background-image":"","background-repeat":"repeat","background-position":"center center","background-size":"auto","background-attachment":"scroll","background-type":"","background-media":"","overlay-type":"","overlay-color":"","overlay-opacity":"","overlay-gradient":""}},"ast-content-background-meta":{"desktop":{"background-color":"var(--ast-global-color-5)","background-image":"","background-repeat":"repeat","background-position":"center center","background-size":"auto","background-attachment":"scroll","background-type":"","background-media":"","overlay-type":"","overlay-color":"","overlay-opacity":"","overlay-gradient":""},"tablet":{"background-color":"var(--ast-global-color-5)","background-image":"","background-repeat":"repeat","background-position":"center center","background-size":"auto","background-attachment":"scroll","background-type":"","background-media":"","overlay-type":"","overlay-color":"","overlay-opacity":"","overlay-gradient":""},"mobile":{"background-color":"var(--ast-global-color-5)","background-image":"","background-repeat":"repeat","background-position":"center center","background-size":"auto","background-attachment":"scroll","background-type":"","background-media":"","overlay-type":"","overlay-color":"","overlay-opacity":"","overlay-gradient":""}},"footnotes":""},"class_list":["post-2112","page","type-page","status-publish","hentry"],"_links":{"self":[{"href":"https:\/\/www.domalpharma.com.co\/en\/wp-json\/wp\/v2\/pages\/2112","targetHints":{"allow":["GET"]}}],"collection":[{"href":"https:\/\/www.domalpharma.com.co\/en\/wp-json\/wp\/v2\/pages"}],"about":[{"href":"https:\/\/www.domalpharma.com.co\/en\/wp-json\/wp\/v2\/types\/page"}],"author":[{"embeddable":true,"href":"https:\/\/www.domalpharma.com.co\/en\/wp-json\/wp\/v2\/users\/1"}],"replies":[{"embeddable":true,"href":"https:\/\/www.domalpharma.com.co\/en\/wp-json\/wp\/v2\/comments?post=2112"}],"version-history":[{"count":26,"href":"https:\/\/www.domalpharma.com.co\/en\/wp-json\/wp\/v2\/pages\/2112\/revisions"}],"predecessor-version":[{"id":4955,"href":"https:\/\/www.domalpharma.com.co\/en\/wp-json\/wp\/v2\/pages\/2112\/revisions\/4955"}],"wp:attachment":[{"href":"https:\/\/www.domalpharma.com.co\/en\/wp-json\/wp\/v2\/media?parent=2112"}],"curies":[{"name":"wp","href":"https:\/\/api.w.org\/{rel}","templated":true}]}}